{"id":1124,"date":"2026-01-13T22:20:15","date_gmt":"2026-01-13T21:20:15","guid":{"rendered":"https:\/\/fernando-maitre-artisan.fr\/?page_id=1124"},"modified":"2026-01-13T23:49:02","modified_gmt":"2026-01-13T22:49:02","slug":"ajouter-un-commentaire","status":"publish","type":"page","link":"https:\/\/fernando-maitre-artisan.fr\/index.php\/home\/ajouter-un-commentaire\/","title":{"rendered":"Ajouter un commentaire"},"content":{"rendered":"\t\t<div data-elementor-type=\"wp-page\" data-elementor-id=\"1124\" class=\"elementor elementor-1124\">\n\t\t\t\t<div class=\"elementor-element elementor-element-6b17262 e-flex e-con-boxed e-con e-parent\" data-id=\"6b17262\" data-element_type=\"container\" data-e-type=\"container\">\n\t\t\t\t\t<div class=\"e-con-inner\">\n\t\t\t\t<div class=\"elementor-element elementor-element-3c20e6d elementor-widget elementor-widget-image\" data-id=\"3c20e6d\" data-element_type=\"widget\" data-e-type=\"widget\" data-widget_type=\"image.default\">\n\t\t\t\t\t\t\t\t\t\t\t\t\t\t\t\t<a href=\"https:\/\/fernando-maitre-artisan.fr\">\n\t\t\t\t\t\t\t<img fetchpriority=\"high\" decoding=\"async\" width=\"300\" height=\"180\" src=\"https:\/\/fernando-maitre-artisan.fr\/wp-content\/uploads\/2025\/10\/cropped-Logo-Fernando-300x180.jpg\" class=\"attachment-medium size-medium wp-image-1157\" alt=\"\" srcset=\"https:\/\/fernando-maitre-artisan.fr\/wp-content\/uploads\/2025\/10\/cropped-Logo-Fernando-300x180.jpg 300w, https:\/\/fernando-maitre-artisan.fr\/wp-content\/uploads\/2025\/10\/cropped-Logo-Fernando-1024x614.jpg 1024w, https:\/\/fernando-maitre-artisan.fr\/wp-content\/uploads\/2025\/10\/cropped-Logo-Fernando-768x461.jpg 768w, https:\/\/fernando-maitre-artisan.fr\/wp-content\/uploads\/2025\/10\/cropped-Logo-Fernando-1536x922.jpg 1536w, https:\/\/fernando-maitre-artisan.fr\/wp-content\/uploads\/2025\/10\/cropped-Logo-Fernando.jpg 2000w\" sizes=\"(max-width: 300px) 100vw, 300px\" \/>\t\t\t\t\t\t\t\t<\/a>\n\t\t\t\t\t\t\t\t\t\t\t\t\t\t\t<\/div>\n\t\t\t\t\t<\/div>\n\t\t\t\t<\/div>\n\t\t<div class=\"elementor-element elementor-element-825638a e-flex e-con-boxed e-con e-parent\" data-id=\"825638a\" data-element_type=\"container\" data-e-type=\"container\">\n\t\t\t\t\t<div class=\"e-con-inner\">\n\t\t\t\t<div class=\"elementor-element elementor-element-5a9e561 elementor-button-align-stretch elementor-widget elementor-widget-site_reviews_form\" data-id=\"5a9e561\" data-element_type=\"widget\" data-e-type=\"widget\" data-widget_type=\"site_reviews_form.default\">\n\t\t\t\t<div class=\"elementor-widget-container\">\n\t\t\t\t\t<?xml encoding=\"utf-8\"?><div class=\"glsr-elementor-5a9e561 elementor-site-reviews-form\"><div class=\"glsr glsr-ninja_forms\" id=\"glsr_axohz8hp\" data-from=\"elementor\" data-shortcode=\"site_reviews_form\" data-hide=\"title\"><div class=\"glsr-form-wrap nf-form-wrap ninja-forms-form-wrap\">\n    <div class=\"nf-form-layout\">\n        <form class=\"glsr-form glsr-review-form\" method=\"post\" enctype=\"multipart\/form-data\">\n            <div class=\"nf-form-content\">\n                <input type=\"hidden\" name=\"site-reviews[_action]\" value=\"submit-review\">\n<input type=\"hidden\" name=\"site-reviews[_nonce]\" value=\"83eb57cd5c\">\n<input type=\"hidden\" name=\"site-reviews[_post_id]\" value=\"1124\">\n<input type=\"hidden\" name=\"site-reviews[_referer]\" value=\"\">\n<input type=\"hidden\" name=\"site-reviews[assigned_posts]\" value=\"\">\n<input type=\"hidden\" name=\"site-reviews[assigned_terms]\" value=\"\">\n<input type=\"hidden\" name=\"site-reviews[assigned_users]\" value=\"\">\n<input type=\"hidden\" name=\"site-reviews[excluded]\" value=\"title\">\n<input type=\"hidden\" name=\"site-reviews[form_id]\" value=\"glsr_axohz8hp\">\n<input type=\"hidden\" name=\"site-reviews[form_signature]\" value=\"HAyuDok1DTZP-gvOjB95xkQwj1J8QTxmZ0Jqdpm-NEFlqpf_ExoKHt81Zx7nL-Yp7ADNywPshZcNJXAWXgsqpoD_PbZ8aXwwh9WuPJ9Lbw_Uz7axpF8OMopMJGDT3foKF3TKn3e4cfWPgppX_J1ZSYh3nasy1V94MJ-h1ql5rWOIrfz6huR5GGIQxoeN0xqSsVkcWimlnkE67CpAhhliantXbbvq3WlQkRXpaO2nGzd4Pv2nXpvA-VrpxwUHkifgO-ljQt6fjuhqDCFuDR61lAZh54K4_YqiUYqYGKMQRzTqfNO-_Nd3fYyQ3xis5AXLIcqqBIhA4T3AIp5JkDZxuX50wrh66nzEy1yxPgHKL6DQmyLtgPZhfKeRydFBPYzLIwG9f9WLxCelBPLa-VLgyjB_rRq2CyTrqoI2UN04NxLFyV6ZIHNDeWZ-XwJjkaav-Q\">\n<input type=\"hidden\" name=\"site-reviews[terms_exist]\" value=\"1\">\n<div class=\"glsr-field\" style=\"display:none;\"><label for=\"site-reviews-31487d95-glsr_axohz8hp\">Votre avis<\/label><input type=\"text\" class=\"glsr-input glsr-input-text\" id=\"site-reviews-31487d95-glsr_axohz8hp\" name=\"site-reviews[31487d95]\" value=\"\"><\/div>\n<div class=\"nf-field-container label-above\" data-field=\"rating\">\n    <div class=\"nf-field\">\n        <div class=\"field-wrap glsr-field glsr-field-rating glsr-required\">\n            <div class=\"nf-field-label\">\n                <label class=\"glsr-label\" for=\"glsr_axohz8hp-rating\">\n    <span>Votre note globale<\/span>\n<\/label>\n            <\/div>\n            <div class=\"nf-field-element\">\n                <select class=\"browser-default disable-select glsr-select nf-element ninja-forms-field no-wrap no_wrap\" id=\"glsr_axohz8hp-rating\" name=\"site-reviews[rating]\" required><option value=\"\">S&eacute;lectionnez une note<\/option><option value=\"5\">5 &eacute;toiles<\/option><option value=\"4\">4 &eacute;toiles<\/option><option value=\"3\">3 &eacute;toiles<\/option><option value=\"2\">2 &eacute;toiles<\/option><option value=\"1\">1 &eacute;toile<\/option><\/select>\n            <\/div>\n            <div class=\"glsr-field-error nf-error-msg\"><\/div>\n        <\/div>\n    <\/div>\n<\/div>\n<div class=\"nf-field-container label-above\" data-field=\"content\">\n    <div class=\"nf-field\">\n        <div class=\"field-wrap glsr-field glsr-field-textarea glsr-required\">\n            <div class=\"nf-field-label\">\n                <label class=\"glsr-label\" for=\"glsr_axohz8hp-content\">\n    <span>Votre avis<\/span>\n<\/label>\n            <\/div>\n            <div class=\"nf-field-element\">\n                <textarea class=\"glsr-textarea nf-element ninja-forms-field\" id=\"glsr_axohz8hp-content\" name=\"site-reviews[content]\" required placeholder=\"Donnez votre avis\" rows=\"5\"><\/textarea>\n            <\/div>\n            <div class=\"glsr-field-error nf-error-msg\"><\/div>\n        <\/div>\n    <\/div>\n<\/div>\n<div class=\"nf-field-container label-above\" data-field=\"name\">\n    <div class=\"nf-field\">\n        <div class=\"field-wrap glsr-field glsr-field-text glsr-required\">\n            <div class=\"nf-field-label\">\n                <label class=\"glsr-label\" for=\"glsr_axohz8hp-name\">\n    <span>Votre nom<\/span>\n<\/label>\n            <\/div>\n            <div class=\"nf-field-element\">\n                <input type=\"text\" class=\"glsr-input glsr-input-text nf-element ninja-forms-field\" id=\"glsr_axohz8hp-name\" name=\"site-reviews[name]\" required placeholder=\"Donnez votre nom\" value=\"\">\n            <\/div>\n            <div class=\"glsr-field-error nf-error-msg\"><\/div>\n        <\/div>\n    <\/div>\n<\/div>\n<div class=\"nf-field-container label-above\" data-field=\"email\">\n    <div class=\"nf-field\">\n        <div class=\"field-wrap glsr-field glsr-field-email glsr-required\">\n            <div class=\"nf-field-label\">\n                <label class=\"glsr-label\" for=\"glsr_axohz8hp-email\">\n    <span>Votre e-mail<\/span>\n<\/label>\n            <\/div>\n            <div class=\"nf-field-element\">\n                <input type=\"email\" class=\"glsr-input glsr-input-email nf-element ninja-forms-field\" id=\"glsr_axohz8hp-email\" name=\"site-reviews[email]\" required placeholder=\"Donnez votre e-mail\" value=\"\">\n            <\/div>\n            <div class=\"glsr-field-error nf-error-msg\"><\/div>\n        <\/div>\n    <\/div>\n<\/div>\n<div class=\"nf-field-container label-above\" data-field=\"terms\">\n    <div class=\"nf-field\">\n        <div class=\"field-wrap glsr-field glsr-field-choice glsr-required\">\n            <div class=\"nf-field-label\">\n                \n            <\/div>\n            <div class=\"nf-field-element\">\n                <span class=\"glsr-field-toggle\">\n    <span>\n        <span class=\"glsr-toggle\"><input type=\"checkbox\" class=\"glsr-input-toggle nf-element ninja-forms-field\" id=\"glsr_axohz8hp-terms-1\" name=\"site-reviews[terms]\" required value=\"1\"><span class=\"glsr-toggle-track\"><\/span><\/span>\n    <\/span>\n    <label for=\"glsr_axohz8hp-terms-1\">Cette note est fond&eacute;e sur ma propre exp&eacute;rience et mon v&eacute;ritable avis.<\/label>\n<\/span>\n            <\/div>\n            <div class=\"glsr-field-error nf-error-msg\"><\/div>\n        <\/div>\n    <\/div>\n<\/div>\n                <div class=\"glsr-form-message nf-field-container nf-response-msg\">\n    \n<\/div>\n                <div data-field=\"submit-button\">\n    <div class=\"wp-block-buttons is-layout-flex\">\n        <div class=\"wp-block-button\">\n            <button type=\"submit\" class=\"glsr-button wp-block-button__link wp-element-button\" aria-busy=\"false\" data-loading=\"Submitting, please wait...\">Envoyer un avis<\/button>\n        <\/div>\n    <\/div>\n<\/div>\n            <\/div>\n        <\/form>\n    <\/div>\n<\/div><\/div><\/div>\n\t\t\t\t<\/div>\n\t\t\t\t<\/div>\n\t\t\t\t\t<\/div>\n\t\t\t\t<\/div>\n\t\t\t\t<\/div>\n\t\t","protected":false},"excerpt":{"rendered":"<p>Votre avis Votre note globale S\u00e9lectionnez une note5 \u00e9toiles4 \u00e9toiles3 \u00e9toiles2 \u00e9toiles1 \u00e9toile Votre avis Votre nom Votre e-mail Cette note est fond\u00e9e sur ma propre exp\u00e9rience et mon v\u00e9ritable avis. &#8203; Envoyer un avis<\/p>\n","protected":false},"author":1,"featured_media":0,"parent":465,"menu_order":0,"comment_status":"closed","ping_status":"closed","template":"elementor_header_footer","meta":{"ocean_post_layout":"","ocean_both_sidebars_style":"","ocean_both_sidebars_content_width":0,"ocean_both_sidebars_sidebars_width":0,"ocean_sidebar":"","ocean_second_sidebar":"","ocean_disable_margins":"on","ocean_add_body_class":"","ocean_shortcode_before_top_bar":"","ocean_shortcode_after_top_bar":"","ocean_shortcode_before_header":"","ocean_shortcode_after_header":"","ocean_has_shortcode":"","ocean_shortcode_after_title":"","ocean_shortcode_before_footer_widgets":"","ocean_shortcode_after_footer_widgets":"","ocean_shortcode_before_footer_bottom":"","ocean_shortcode_after_footer_bottom":"","ocean_display_top_bar":"default","ocean_display_header":"default","ocean_header_style":"","ocean_center_header_left_menu":"","ocean_custom_header_template":"","ocean_custom_logo":0,"ocean_custom_retina_logo":0,"ocean_custom_logo_max_width":0,"ocean_custom_logo_tablet_max_width":0,"ocean_custom_logo_mobile_max_width":0,"ocean_custom_logo_max_height":0,"ocean_custom_logo_tablet_max_height":0,"ocean_custom_logo_mobile_max_height":0,"ocean_header_custom_menu":"","ocean_menu_typo_font_family":"","ocean_menu_typo_font_subset":"","ocean_menu_typo_font_size":0,"ocean_menu_typo_font_size_tablet":0,"ocean_menu_typo_font_size_mobile":0,"ocean_menu_typo_font_size_unit":"px","ocean_menu_typo_font_weight":"","ocean_menu_typo_font_weight_tablet":"","ocean_menu_typo_font_weight_mobile":"","ocean_menu_typo_transform":"","ocean_menu_typo_transform_tablet":"","ocean_menu_typo_transform_mobile":"","ocean_menu_typo_line_height":0,"ocean_menu_typo_line_height_tablet":0,"ocean_menu_typo_line_height_mobile":0,"ocean_menu_typo_line_height_unit":"","ocean_menu_typo_spacing":0,"ocean_menu_typo_spacing_tablet":0,"ocean_menu_typo_spacing_mobile":0,"ocean_menu_typo_spacing_unit":"","ocean_menu_link_color":"","ocean_menu_link_color_hover":"","ocean_menu_link_color_active":"","ocean_menu_link_background":"","ocean_menu_link_hover_background":"","ocean_menu_link_active_background":"","ocean_menu_social_links_bg":"","ocean_menu_social_hover_links_bg":"","ocean_menu_social_links_color":"","ocean_menu_social_hover_links_color":"","ocean_disable_title":"default","ocean_disable_heading":"default","ocean_post_title":"","ocean_post_subheading":"","ocean_post_title_style":"","ocean_post_title_background_color":"","ocean_post_title_background":0,"ocean_post_title_bg_image_position":"","ocean_post_title_bg_image_attachment":"","ocean_post_title_bg_image_repeat":"","ocean_post_title_bg_image_size":"","ocean_post_title_height":0,"ocean_post_title_bg_overlay":0.5,"ocean_post_title_bg_overlay_color":"","ocean_disable_breadcrumbs":"default","ocean_breadcrumbs_color":"","ocean_breadcrumbs_separator_color":"","ocean_breadcrumbs_links_color":"","ocean_breadcrumbs_links_hover_color":"","ocean_display_footer_widgets":"default","ocean_display_footer_bottom":"default","ocean_custom_footer_template":"","omw_enable_modal_window":"enable","_glsr_average":0,"_glsr_ranking":0,"_glsr_reviews":0,"footnotes":""},"class_list":["post-1124","page","type-page","status-publish","hentry","entry"],"yoast_head":"<!-- This site is optimized with the Yoast SEO plugin v27.2 - https:\/\/yoast.com\/product\/yoast-seo-wordpress\/ -->\n<title>Ajouter un commentaire - Fernando Maitre Artisan<\/title>\n<meta name=\"robots\" content=\"index, follow, max-snippet:-1, max-image-preview:large, max-video-preview:-1\" \/>\n<link rel=\"canonical\" href=\"https:\/\/fernando-maitre-artisan.fr\/index.php\/home\/ajouter-un-commentaire\/\" \/>\n<meta property=\"og:locale\" content=\"fr_FR\" \/>\n<meta property=\"og:type\" content=\"article\" \/>\n<meta property=\"og:title\" content=\"Ajouter un commentaire - Fernando Maitre Artisan\" \/>\n<meta property=\"og:description\" content=\"Votre avis Votre note globale S\u00e9lectionnez une note5 \u00e9toiles4 \u00e9toiles3 \u00e9toiles2 \u00e9toiles1 \u00e9toile Votre avis Votre nom Votre e-mail Cette note est fond\u00e9e sur ma propre exp\u00e9rience et mon v\u00e9ritable avis. &#8203; Envoyer un avis\" \/>\n<meta property=\"og:url\" content=\"https:\/\/fernando-maitre-artisan.fr\/index.php\/home\/ajouter-un-commentaire\/\" \/>\n<meta property=\"og:site_name\" content=\"Fernando Maitre Artisan\" \/>\n<meta property=\"article:modified_time\" content=\"2026-01-13T22:49:02+00:00\" \/>\n<meta property=\"og:image\" content=\"https:\/\/fernando-maitre-artisan.fr\/wp-content\/uploads\/2025\/10\/cropped-Logo-Fernando.jpg\" \/>\n\t<meta property=\"og:image:width\" content=\"2000\" \/>\n\t<meta property=\"og:image:height\" content=\"1200\" \/>\n\t<meta property=\"og:image:type\" content=\"image\/jpeg\" \/>\n<meta name=\"twitter:card\" content=\"summary_large_image\" \/>\n<script type=\"application\/ld+json\" class=\"yoast-schema-graph\">{\"@context\":\"https:\/\/schema.org\",\"@graph\":[{\"@type\":\"WebPage\",\"@id\":\"https:\/\/fernando-maitre-artisan.fr\/index.php\/home\/ajouter-un-commentaire\/\",\"url\":\"https:\/\/fernando-maitre-artisan.fr\/index.php\/home\/ajouter-un-commentaire\/\",\"name\":\"Ajouter un commentaire - Fernando Maitre Artisan\",\"isPartOf\":{\"@id\":\"https:\/\/fernando-maitre-artisan.fr\/#website\"},\"primaryImageOfPage\":{\"@id\":\"https:\/\/fernando-maitre-artisan.fr\/index.php\/home\/ajouter-un-commentaire\/#primaryimage\"},\"image\":{\"@id\":\"https:\/\/fernando-maitre-artisan.fr\/index.php\/home\/ajouter-un-commentaire\/#primaryimage\"},\"thumbnailUrl\":\"https:\/\/fernando-maitre-artisan.fr\/wp-content\/uploads\/2025\/10\/cropped-Logo-Fernando-300x180.jpg\",\"datePublished\":\"2026-01-13T21:20:15+00:00\",\"dateModified\":\"2026-01-13T22:49:02+00:00\",\"breadcrumb\":{\"@id\":\"https:\/\/fernando-maitre-artisan.fr\/index.php\/home\/ajouter-un-commentaire\/#breadcrumb\"},\"inLanguage\":\"fr-FR\",\"potentialAction\":[{\"@type\":\"ReadAction\",\"target\":[\"https:\/\/fernando-maitre-artisan.fr\/index.php\/home\/ajouter-un-commentaire\/\"]}]},{\"@type\":\"ImageObject\",\"inLanguage\":\"fr-FR\",\"@id\":\"https:\/\/fernando-maitre-artisan.fr\/index.php\/home\/ajouter-un-commentaire\/#primaryimage\",\"url\":\"https:\/\/fernando-maitre-artisan.fr\/wp-content\/uploads\/2025\/10\/cropped-Logo-Fernando.jpg\",\"contentUrl\":\"https:\/\/fernando-maitre-artisan.fr\/wp-content\/uploads\/2025\/10\/cropped-Logo-Fernando.jpg\",\"width\":2000,\"height\":1200},{\"@type\":\"BreadcrumbList\",\"@id\":\"https:\/\/fernando-maitre-artisan.fr\/index.php\/home\/ajouter-un-commentaire\/#breadcrumb\",\"itemListElement\":[{\"@type\":\"ListItem\",\"position\":1,\"name\":\"Accueil\",\"item\":\"https:\/\/fernando-maitre-artisan.fr\/\"},{\"@type\":\"ListItem\",\"position\":2,\"name\":\"Accueil\",\"item\":\"https:\/\/fernando-maitre-artisan.fr\/\"},{\"@type\":\"ListItem\",\"position\":3,\"name\":\"Ajouter un commentaire\"}]},{\"@type\":\"WebSite\",\"@id\":\"https:\/\/fernando-maitre-artisan.fr\/#website\",\"url\":\"https:\/\/fernando-maitre-artisan.fr\/\",\"name\":\"Fernando Maitre Artisan\",\"description\":\"un artisan \u00e0 votre \u00e9coute dans le pays bigoudin\",\"publisher\":{\"@id\":\"https:\/\/fernando-maitre-artisan.fr\/#\/schema\/person\/b27592e820a952cd142933edc3989dfe\"},\"potentialAction\":[{\"@type\":\"SearchAction\",\"target\":{\"@type\":\"EntryPoint\",\"urlTemplate\":\"https:\/\/fernando-maitre-artisan.fr\/?s={search_term_string}\"},\"query-input\":{\"@type\":\"PropertyValueSpecification\",\"valueRequired\":true,\"valueName\":\"search_term_string\"}}],\"inLanguage\":\"fr-FR\"},{\"@type\":[\"Person\",\"Organization\"],\"@id\":\"https:\/\/fernando-maitre-artisan.fr\/#\/schema\/person\/b27592e820a952cd142933edc3989dfe\",\"name\":\"Fernando\",\"image\":{\"@type\":\"ImageObject\",\"inLanguage\":\"fr-FR\",\"@id\":\"https:\/\/fernando-maitre-artisan.fr\/wp-content\/uploads\/2025\/09\/cropped-cropped-Logo.png\",\"url\":\"https:\/\/fernando-maitre-artisan.fr\/wp-content\/uploads\/2025\/09\/cropped-cropped-Logo.png\",\"contentUrl\":\"https:\/\/fernando-maitre-artisan.fr\/wp-content\/uploads\/2025\/09\/cropped-cropped-Logo.png\",\"width\":499,\"height\":137,\"caption\":\"Fernando\"},\"logo\":{\"@id\":\"https:\/\/fernando-maitre-artisan.fr\/wp-content\/uploads\/2025\/09\/cropped-cropped-Logo.png\"},\"sameAs\":[\"http:\/\/fernando-maitre-artisan.fr\"]}]}<\/script>\n<!-- \/ Yoast SEO plugin. -->","yoast_head_json":{"title":"Ajouter un commentaire - Fernando Maitre Artisan","robots":{"index":"index","follow":"follow","max-snippet":"max-snippet:-1","max-image-preview":"max-image-preview:large","max-video-preview":"max-video-preview:-1"},"canonical":"https:\/\/fernando-maitre-artisan.fr\/index.php\/home\/ajouter-un-commentaire\/","og_locale":"fr_FR","og_type":"article","og_title":"Ajouter un commentaire - Fernando Maitre Artisan","og_description":"Votre avis Votre note globale S\u00e9lectionnez une note5 \u00e9toiles4 \u00e9toiles3 \u00e9toiles2 \u00e9toiles1 \u00e9toile Votre avis Votre nom Votre e-mail Cette note est fond\u00e9e sur ma propre exp\u00e9rience et mon v\u00e9ritable avis. &#8203; Envoyer un avis","og_url":"https:\/\/fernando-maitre-artisan.fr\/index.php\/home\/ajouter-un-commentaire\/","og_site_name":"Fernando Maitre Artisan","article_modified_time":"2026-01-13T22:49:02+00:00","og_image":[{"width":2000,"height":1200,"url":"https:\/\/fernando-maitre-artisan.fr\/wp-content\/uploads\/2025\/10\/cropped-Logo-Fernando.jpg","type":"image\/jpeg"}],"twitter_card":"summary_large_image","schema":{"@context":"https:\/\/schema.org","@graph":[{"@type":"WebPage","@id":"https:\/\/fernando-maitre-artisan.fr\/index.php\/home\/ajouter-un-commentaire\/","url":"https:\/\/fernando-maitre-artisan.fr\/index.php\/home\/ajouter-un-commentaire\/","name":"Ajouter un commentaire - Fernando Maitre Artisan","isPartOf":{"@id":"https:\/\/fernando-maitre-artisan.fr\/#website"},"primaryImageOfPage":{"@id":"https:\/\/fernando-maitre-artisan.fr\/index.php\/home\/ajouter-un-commentaire\/#primaryimage"},"image":{"@id":"https:\/\/fernando-maitre-artisan.fr\/index.php\/home\/ajouter-un-commentaire\/#primaryimage"},"thumbnailUrl":"https:\/\/fernando-maitre-artisan.fr\/wp-content\/uploads\/2025\/10\/cropped-Logo-Fernando-300x180.jpg","datePublished":"2026-01-13T21:20:15+00:00","dateModified":"2026-01-13T22:49:02+00:00","breadcrumb":{"@id":"https:\/\/fernando-maitre-artisan.fr\/index.php\/home\/ajouter-un-commentaire\/#breadcrumb"},"inLanguage":"fr-FR","potentialAction":[{"@type":"ReadAction","target":["https:\/\/fernando-maitre-artisan.fr\/index.php\/home\/ajouter-un-commentaire\/"]}]},{"@type":"ImageObject","inLanguage":"fr-FR","@id":"https:\/\/fernando-maitre-artisan.fr\/index.php\/home\/ajouter-un-commentaire\/#primaryimage","url":"https:\/\/fernando-maitre-artisan.fr\/wp-content\/uploads\/2025\/10\/cropped-Logo-Fernando.jpg","contentUrl":"https:\/\/fernando-maitre-artisan.fr\/wp-content\/uploads\/2025\/10\/cropped-Logo-Fernando.jpg","width":2000,"height":1200},{"@type":"BreadcrumbList","@id":"https:\/\/fernando-maitre-artisan.fr\/index.php\/home\/ajouter-un-commentaire\/#breadcrumb","itemListElement":[{"@type":"ListItem","position":1,"name":"Accueil","item":"https:\/\/fernando-maitre-artisan.fr\/"},{"@type":"ListItem","position":2,"name":"Accueil","item":"https:\/\/fernando-maitre-artisan.fr\/"},{"@type":"ListItem","position":3,"name":"Ajouter un commentaire"}]},{"@type":"WebSite","@id":"https:\/\/fernando-maitre-artisan.fr\/#website","url":"https:\/\/fernando-maitre-artisan.fr\/","name":"Fernando Maitre Artisan","description":"un artisan \u00e0 votre \u00e9coute dans le pays bigoudin","publisher":{"@id":"https:\/\/fernando-maitre-artisan.fr\/#\/schema\/person\/b27592e820a952cd142933edc3989dfe"},"potentialAction":[{"@type":"SearchAction","target":{"@type":"EntryPoint","urlTemplate":"https:\/\/fernando-maitre-artisan.fr\/?s={search_term_string}"},"query-input":{"@type":"PropertyValueSpecification","valueRequired":true,"valueName":"search_term_string"}}],"inLanguage":"fr-FR"},{"@type":["Person","Organization"],"@id":"https:\/\/fernando-maitre-artisan.fr\/#\/schema\/person\/b27592e820a952cd142933edc3989dfe","name":"Fernando","image":{"@type":"ImageObject","inLanguage":"fr-FR","@id":"https:\/\/fernando-maitre-artisan.fr\/wp-content\/uploads\/2025\/09\/cropped-cropped-Logo.png","url":"https:\/\/fernando-maitre-artisan.fr\/wp-content\/uploads\/2025\/09\/cropped-cropped-Logo.png","contentUrl":"https:\/\/fernando-maitre-artisan.fr\/wp-content\/uploads\/2025\/09\/cropped-cropped-Logo.png","width":499,"height":137,"caption":"Fernando"},"logo":{"@id":"https:\/\/fernando-maitre-artisan.fr\/wp-content\/uploads\/2025\/09\/cropped-cropped-Logo.png"},"sameAs":["http:\/\/fernando-maitre-artisan.fr"]}]}},"_links":{"self":[{"href":"https:\/\/fernando-maitre-artisan.fr\/index.php\/wp-json\/wp\/v2\/pages\/1124","targetHints":{"allow":["GET"]}}],"collection":[{"href":"https:\/\/fernando-maitre-artisan.fr\/index.php\/wp-json\/wp\/v2\/pages"}],"about":[{"href":"https:\/\/fernando-maitre-artisan.fr\/index.php\/wp-json\/wp\/v2\/types\/page"}],"author":[{"embeddable":true,"href":"https:\/\/fernando-maitre-artisan.fr\/index.php\/wp-json\/wp\/v2\/users\/1"}],"replies":[{"embeddable":true,"href":"https:\/\/fernando-maitre-artisan.fr\/index.php\/wp-json\/wp\/v2\/comments?post=1124"}],"version-history":[{"count":47,"href":"https:\/\/fernando-maitre-artisan.fr\/index.php\/wp-json\/wp\/v2\/pages\/1124\/revisions"}],"predecessor-version":[{"id":1222,"href":"https:\/\/fernando-maitre-artisan.fr\/index.php\/wp-json\/wp\/v2\/pages\/1124\/revisions\/1222"}],"up":[{"embeddable":true,"href":"https:\/\/fernando-maitre-artisan.fr\/index.php\/wp-json\/wp\/v2\/pages\/465"}],"wp:attachment":[{"href":"https:\/\/fernando-maitre-artisan.fr\/index.php\/wp-json\/wp\/v2\/media?parent=1124"}],"curies":[{"name":"wp","href":"https:\/\/api.w.org\/{rel}","templated":true}]}}